{"id":5158,"date":"2024-05-19T01:56:43","date_gmt":"2024-05-19T00:56:43","guid":{"rendered":"https:\/\/wedigitek.bichosolto.com\/novosite\/?page_id=5158"},"modified":"2024-07-13T21:43:34","modified_gmt":"2024-07-13T20:43:34","slug":"tv-corporativa","status":"publish","type":"page","link":"https:\/\/wedigitek.bichosolto.com\/es\/segmento-corporativo\/tv-corporativa\/","title":{"rendered":"TV Corporativa : Corporativo"},"content":{"rendered":"\r\n<h1 class=\"wp-block-heading\"><strong>TV corporativa<\/strong><\/h1>\r\n\r\n\r\n\r\n<h2 class=\"wp-block-heading\">para el sector empresarial<\/h2>\r\n\r\n\r\n\r\n<p>La televisi\u00f3n corporativa se puede utilizar para difundir informaci\u00f3n diferente a los empleados de la empresa, a los clientes e incluso a los empleados. Se trata b\u00e1sicamente de la presentaci\u00f3n a trav\u00e9s de pantalla de informaci\u00f3n sobre la carta del restaurante, informaci\u00f3n comercial o cualquier otra informaci\u00f3n que el cliente desee.<\/p>\r\n\r\n\r\n\r\n<p>Se utiliza principalmente para mostrar men\u00fas a trav\u00e9s de televisores colocados en las entradas de los restaurantes, mostrando las opciones diarias a los empleados.<\/p>\r\n\r\n\r\n\r\n<h4 class=\"wp-block-heading\">Diferentes aplicaciones<\/h4>\r\n\r\n\r\n\r\n<p>El circuito de TV se puede utilizar seg\u00fan las necesidades del cliente, conteniendo opciones como:<\/p>\r\n","protected":false},"excerpt":{"rendered":"<p>TV corporativa para el sector empresarial La televisi\u00f3n corporativa se puede utilizar para difundir informaci\u00f3n diferente a los empleados de la empresa, a los clientes e incluso a los empleados. Se trata b\u00e1sicamente de la presentaci\u00f3n a trav\u00e9s de pantalla de informaci\u00f3n sobre la carta del restaurante, informaci\u00f3n comercial o cualquier otra informaci\u00f3n que el&#8230;  <a class=\"excerpt-read-more\" href=\"https:\/\/wedigitek.bichosolto.com\/es\/segmento-corporativo\/tv-corporativa\/\" title=\"Read TV Corporativa : Corporativo\">continuar lendo &raquo;<\/a><\/p>\n","protected":false},"author":1,"featured_media":0,"parent":5103,"menu_order":5,"comment_status":"closed","ping_status":"closed","template":"page-segment-solution.php","meta":{"_acf_changed":false,"footnotes":""},"class_list":["post-5158","page","type-page","status-publish","hentry"],"acf":[],"_links":{"self":[{"href":"https:\/\/wedigitek.bichosolto.com\/es\/wp-json\/wp\/v2\/pages\/5158","targetHints":{"allow":["GET"]}}],"collection":[{"href":"https:\/\/wedigitek.bichosolto.com\/es\/wp-json\/wp\/v2\/pages"}],"about":[{"href":"https:\/\/wedigitek.bichosolto.com\/es\/wp-json\/wp\/v2\/types\/page"}],"author":[{"embeddable":true,"href":"https:\/\/wedigitek.bichosolto.com\/es\/wp-json\/wp\/v2\/users\/1"}],"replies":[{"embeddable":true,"href":"https:\/\/wedigitek.bichosolto.com\/es\/wp-json\/wp\/v2\/comments?post=5158"}],"version-history":[{"count":2,"href":"https:\/\/wedigitek.bichosolto.com\/es\/wp-json\/wp\/v2\/pages\/5158\/revisions"}],"predecessor-version":[{"id":5160,"href":"https:\/\/wedigitek.bichosolto.com\/es\/wp-json\/wp\/v2\/pages\/5158\/revisions\/5160"}],"up":[{"embeddable":true,"href":"https:\/\/wedigitek.bichosolto.com\/es\/wp-json\/wp\/v2\/pages\/5103"}],"wp:attachment":[{"href":"https:\/\/wedigitek.bichosolto.com\/es\/wp-json\/wp\/v2\/media?parent=5158"}],"curies":[{"name":"wp","href":"https:\/\/api.w.org\/{rel}","templated":true}]}}