{"id":5153,"date":"2024-05-19T01:45:19","date_gmt":"2024-05-19T00:45:19","guid":{"rendered":"https:\/\/wedigitek.bichosolto.com\/novosite\/?page_id=5153"},"modified":"2024-07-13T21:43:27","modified_gmt":"2024-07-13T20:43:27","slug":"soluciones-iot","status":"publish","type":"page","link":"https:\/\/wedigitek.bichosolto.com\/es\/segmento-corporativo\/soluciones-iot\/","title":{"rendered":"Soluciones IoT : Corporativo"},"content":{"rendered":"\r\n<h1 class=\"wp-block-heading\"><strong>Soluciones IoT<\/strong><\/h1>\r\n\r\n\r\n\r\n<h2 class=\"wp-block-heading\">para el sector empresarial<\/h2>\r\n\r\n\r\n\r\n<p>Soluciones que engloban el concepto de Internet de las Cosas (IoT), es decir, que tienen una conexi\u00f3n entre objetos f\u00edsicos y dispositivos digitales para intercambiar datos. Un ejemplo pr\u00e1ctico es el sensor de aforo: para que funcione, los sensores que contabilizar\u00e1n la entrada y salida de personas del restaurante deben estar conectados a internet. De esta forma, los usuarios de la aplicaci\u00f3n podr\u00e1n consultar, en tiempo real, el n\u00famero de personas que entraron al restaurante y consultar la disponibilidad de asientos.<\/p>\r\n","protected":false},"excerpt":{"rendered":"<p>Soluciones IoT para el sector empresarial Soluciones que engloban el concepto de Internet de las Cosas (IoT), es decir, que tienen una conexi\u00f3n entre objetos f\u00edsicos y dispositivos digitales para intercambiar datos. Un ejemplo pr\u00e1ctico es el sensor de aforo: para que funcione, los sensores que contabilizar\u00e1n la entrada y salida de personas del restaurante&#8230;  <a class=\"excerpt-read-more\" href=\"https:\/\/wedigitek.bichosolto.com\/es\/segmento-corporativo\/soluciones-iot\/\" title=\"Read Soluciones IoT : Corporativo\">continuar lendo &raquo;<\/a><\/p>\n","protected":false},"author":1,"featured_media":0,"parent":5103,"menu_order":4,"comment_status":"closed","ping_status":"closed","template":"page-segment-solution.php","meta":{"_acf_changed":false,"footnotes":""},"class_list":["post-5153","page","type-page","status-publish","hentry"],"acf":[],"_links":{"self":[{"href":"https:\/\/wedigitek.bichosolto.com\/es\/wp-json\/wp\/v2\/pages\/5153","targetHints":{"allow":["GET"]}}],"collection":[{"href":"https:\/\/wedigitek.bichosolto.com\/es\/wp-json\/wp\/v2\/pages"}],"about":[{"href":"https:\/\/wedigitek.bichosolto.com\/es\/wp-json\/wp\/v2\/types\/page"}],"author":[{"embeddable":true,"href":"https:\/\/wedigitek.bichosolto.com\/es\/wp-json\/wp\/v2\/users\/1"}],"replies":[{"embeddable":true,"href":"https:\/\/wedigitek.bichosolto.com\/es\/wp-json\/wp\/v2\/comments?post=5153"}],"version-history":[{"count":4,"href":"https:\/\/wedigitek.bichosolto.com\/es\/wp-json\/wp\/v2\/pages\/5153\/revisions"}],"predecessor-version":[{"id":5157,"href":"https:\/\/wedigitek.bichosolto.com\/es\/wp-json\/wp\/v2\/pages\/5153\/revisions\/5157"}],"up":[{"embeddable":true,"href":"https:\/\/wedigitek.bichosolto.com\/es\/wp-json\/wp\/v2\/pages\/5103"}],"wp:attachment":[{"href":"https:\/\/wedigitek.bichosolto.com\/es\/wp-json\/wp\/v2\/media?parent=5153"}],"curies":[{"name":"wp","href":"https:\/\/api.w.org\/{rel}","templated":true}]}}