{"id":5146,"date":"2024-05-18T23:00:07","date_gmt":"2024-05-18T22:00:07","guid":{"rendered":"https:\/\/wedigitek.bichosolto.com\/novosite\/?page_id=5146"},"modified":"2024-07-13T21:43:12","modified_gmt":"2024-07-13T20:43:12","slug":"totem-de-autoservicio","status":"publish","type":"page","link":"https:\/\/wedigitek.bichosolto.com\/es\/segmento-corporativo\/totem-de-autoservicio\/","title":{"rendered":"T\u00f3tem de Autoservicio : Corporativo"},"content":{"rendered":"<h1>Totem de <strong>AutoAtendimento<\/strong><\/h1>\n<h2>para el Sector Corporativo<\/h2>\n<p>Desarrollamos el software utilizado por los t\u00f3tems de autoservicio, con el objetivo de facilitar el uso de diferentes funcionalidades, seg\u00fan la relaci\u00f3n a continuaci\u00f3n. Podemos instalarlos en t\u00f3tems de terceros (ya utilizados en el restaurante), o ponerlos a disposici\u00f3n mediante la <a href=\"https:\/\/wedigitek.bichosolto.com\/corporativo\/locacao-de-equipamentos\/\">alquiler\/venta<\/a> de equipos propios.<\/p>\n<h4 class=\"wp-block-heading\">Diferentes Funciones<\/h4>\n<p>Los t\u00f3tems de autoservicio tienen diferentes aplicaciones para uso en la unidad:<\/p>\n","protected":false},"excerpt":{"rendered":"<p>Totem de AutoAtendimento para el Sector Corporativo Desarrollamos el software utilizado por los t\u00f3tems de autoservicio, con el objetivo de facilitar el uso de diferentes funcionalidades, seg\u00fan la relaci\u00f3n a continuaci\u00f3n. Podemos instalarlos en t\u00f3tems de terceros (ya utilizados en el restaurante), o ponerlos a disposici\u00f3n mediante la alquiler\/venta de equipos propios. Diferentes Funciones Los&#8230;  <a class=\"excerpt-read-more\" href=\"https:\/\/wedigitek.bichosolto.com\/es\/segmento-corporativo\/totem-de-autoservicio\/\" title=\"Read T\u00f3tem de Autoservicio : Corporativo\">continuar lendo &raquo;<\/a><\/p>\n","protected":false},"author":1,"featured_media":0,"parent":5103,"menu_order":2,"comment_status":"closed","ping_status":"closed","template":"page-segment-solution.php","meta":{"_acf_changed":false,"footnotes":""},"class_list":["post-5146","page","type-page","status-publish","hentry"],"acf":[],"_links":{"self":[{"href":"https:\/\/wedigitek.bichosolto.com\/es\/wp-json\/wp\/v2\/pages\/5146","targetHints":{"allow":["GET"]}}],"collection":[{"href":"https:\/\/wedigitek.bichosolto.com\/es\/wp-json\/wp\/v2\/pages"}],"about":[{"href":"https:\/\/wedigitek.bichosolto.com\/es\/wp-json\/wp\/v2\/types\/page"}],"author":[{"embeddable":true,"href":"https:\/\/wedigitek.bichosolto.com\/es\/wp-json\/wp\/v2\/users\/1"}],"replies":[{"embeddable":true,"href":"https:\/\/wedigitek.bichosolto.com\/es\/wp-json\/wp\/v2\/comments?post=5146"}],"version-history":[{"count":2,"href":"https:\/\/wedigitek.bichosolto.com\/es\/wp-json\/wp\/v2\/pages\/5146\/revisions"}],"predecessor-version":[{"id":5148,"href":"https:\/\/wedigitek.bichosolto.com\/es\/wp-json\/wp\/v2\/pages\/5146\/revisions\/5148"}],"up":[{"embeddable":true,"href":"https:\/\/wedigitek.bichosolto.com\/es\/wp-json\/wp\/v2\/pages\/5103"}],"wp:attachment":[{"href":"https:\/\/wedigitek.bichosolto.com\/es\/wp-json\/wp\/v2\/media?parent=5146"}],"curies":[{"name":"wp","href":"https:\/\/api.w.org\/{rel}","templated":true}]}}