{"id":5127,"date":"2024-06-03T07:59:41","date_gmt":"2024-06-03T06:59:41","guid":{"rendered":"https:\/\/wedigitek.bichosolto.com\/novosite\/?page_id=5127"},"modified":"2024-07-08T16:13:19","modified_gmt":"2024-07-08T19:13:19","slug":"tv-corporativa-educacion","status":"publish","type":"page","link":"https:\/\/wedigitek.bichosolto.com\/es\/segmento-educacion\/tv-corporativa-educacion\/","title":{"rendered":"TV Corporativa : Educaci\u00f3n"},"content":{"rendered":"\r\n<h1 class=\"wp-block-heading\">TV <strong>Corporativa<\/strong><\/h1>\r\n\r\n\r\n\r\n<h2 class=\"wp-block-heading\">para el Sector de la Educaci\u00f3n<\/h2>\r\n\r\n\r\n\r\n<p>La TV corporativa puede ser utilizada para la difusi\u00f3n de diferentes informaciones a los colaboradores de la empresa, clientes e incluso empleados. B\u00e1sicamente consiste en la presentaci\u00f3n en pantalla de informaci\u00f3n sobre los men\u00fas de los restaurantes, informaci\u00f3n comercial o cualquier otra que el cliente desee.<\/p>\r\n\r\n\r\n\r\n<p>Se utiliza principalmente para la exhibici\u00f3n de men\u00fas a trav\u00e9s de televisores ubicados en las entradas de los restaurantes, mostrando las opciones del d\u00eda a los empleados.<\/p>\r\n\r\n\r\n\r\n<h4 class=\"wp-block-heading\">Diferentes Aplicaciones<\/h4>\r\n\r\n\r\n\r\n<p>El circuito de TVs puede ser utilizado seg\u00fan la necesidad del cliente, incluyendo opciones como:<\/p>\r\n","protected":false},"excerpt":{"rendered":"<p>TV Corporativa para el Sector de la Educaci\u00f3n La TV corporativa puede ser utilizada para la difusi\u00f3n de diferentes informaciones a los colaboradores de la empresa, clientes e incluso empleados. B\u00e1sicamente consiste en la presentaci\u00f3n en pantalla de informaci\u00f3n sobre los men\u00fas de los restaurantes, informaci\u00f3n comercial o cualquier otra que el cliente desee. Se&#8230;  <a class=\"excerpt-read-more\" href=\"https:\/\/wedigitek.bichosolto.com\/es\/segmento-educacion\/tv-corporativa-educacion\/\" title=\"Read TV Corporativa : Educaci\u00f3n\">continuar lendo &raquo;<\/a><\/p>\n","protected":false},"author":1,"featured_media":0,"parent":5093,"menu_order":5,"comment_status":"closed","ping_status":"closed","template":"page-segment-solution.php","meta":{"_acf_changed":false,"footnotes":""},"class_list":["post-5127","page","type-page","status-publish","hentry"],"acf":[],"_links":{"self":[{"href":"https:\/\/wedigitek.bichosolto.com\/es\/wp-json\/wp\/v2\/pages\/5127","targetHints":{"allow":["GET"]}}],"collection":[{"href":"https:\/\/wedigitek.bichosolto.com\/es\/wp-json\/wp\/v2\/pages"}],"about":[{"href":"https:\/\/wedigitek.bichosolto.com\/es\/wp-json\/wp\/v2\/types\/page"}],"author":[{"embeddable":true,"href":"https:\/\/wedigitek.bichosolto.com\/es\/wp-json\/wp\/v2\/users\/1"}],"replies":[{"embeddable":true,"href":"https:\/\/wedigitek.bichosolto.com\/es\/wp-json\/wp\/v2\/comments?post=5127"}],"version-history":[{"count":2,"href":"https:\/\/wedigitek.bichosolto.com\/es\/wp-json\/wp\/v2\/pages\/5127\/revisions"}],"predecessor-version":[{"id":5129,"href":"https:\/\/wedigitek.bichosolto.com\/es\/wp-json\/wp\/v2\/pages\/5127\/revisions\/5129"}],"up":[{"embeddable":true,"href":"https:\/\/wedigitek.bichosolto.com\/es\/wp-json\/wp\/v2\/pages\/5093"}],"wp:attachment":[{"href":"https:\/\/wedigitek.bichosolto.com\/es\/wp-json\/wp\/v2\/media?parent=5127"}],"curies":[{"name":"wp","href":"https:\/\/api.w.org\/{rel}","templated":true}]}}