{"id":5124,"date":"2024-06-03T07:59:07","date_gmt":"2024-06-03T06:59:07","guid":{"rendered":"https:\/\/wedigitek.bichosolto.com\/novosite\/?page_id=5124"},"modified":"2024-07-08T16:06:19","modified_gmt":"2024-07-08T19:06:19","slug":"soluciones-iot-educacion","status":"publish","type":"page","link":"https:\/\/wedigitek.bichosolto.com\/es\/segmento-educacion\/soluciones-iot-educacion\/","title":{"rendered":"Soluciones IoT : Educaci\u00f3n"},"content":{"rendered":"\r\n<h1 class=\"wp-block-heading\">Soluciones <strong>IoT<\/strong><\/h1>\r\n\r\n\r\n\r\n<h2 class=\"wp-block-heading\">para el Sector de la Educaci\u00f3n<\/h2>\r\n\r\n\r\n\r\n<p>Soluciones que engloban el concepto de Internet de las Cosas (IoT), es decir, que poseen conexi\u00f3n entre objetos f\u00edsicos y dispositivos digitales para el intercambio de datos. Un ejemplo pr\u00e1ctico es el sensor de ocupaci\u00f3n: para que funcione, es necesario que los sensores que realizar\u00e1n el conteo de la entrada y salida de personas en el restaurante est\u00e9n conectados a internet. De esta manera, los usuarios de la aplicaci\u00f3n podr\u00e1n verificar, en tiempo real, el n\u00famero de personas que han ingresado al restaurante y verificar la disponibilidad de lugares.<\/p>\r\n","protected":false},"excerpt":{"rendered":"<p>Soluciones IoT para el Sector de la Educaci\u00f3n Soluciones que engloban el concepto de Internet de las Cosas (IoT), es decir, que poseen conexi\u00f3n entre objetos f\u00edsicos y dispositivos digitales para el intercambio de datos. Un ejemplo pr\u00e1ctico es el sensor de ocupaci\u00f3n: para que funcione, es necesario que los sensores que realizar\u00e1n el conteo&#8230;  <a class=\"excerpt-read-more\" href=\"https:\/\/wedigitek.bichosolto.com\/es\/segmento-educacion\/soluciones-iot-educacion\/\" title=\"Read Soluciones IoT : Educaci\u00f3n\">continuar lendo &raquo;<\/a><\/p>\n","protected":false},"author":1,"featured_media":0,"parent":5093,"menu_order":4,"comment_status":"closed","ping_status":"closed","template":"page-segment-solution.php","meta":{"_acf_changed":false,"footnotes":""},"class_list":["post-5124","page","type-page","status-publish","hentry"],"acf":[],"_links":{"self":[{"href":"https:\/\/wedigitek.bichosolto.com\/es\/wp-json\/wp\/v2\/pages\/5124","targetHints":{"allow":["GET"]}}],"collection":[{"href":"https:\/\/wedigitek.bichosolto.com\/es\/wp-json\/wp\/v2\/pages"}],"about":[{"href":"https:\/\/wedigitek.bichosolto.com\/es\/wp-json\/wp\/v2\/types\/page"}],"author":[{"embeddable":true,"href":"https:\/\/wedigitek.bichosolto.com\/es\/wp-json\/wp\/v2\/users\/1"}],"replies":[{"embeddable":true,"href":"https:\/\/wedigitek.bichosolto.com\/es\/wp-json\/wp\/v2\/comments?post=5124"}],"version-history":[{"count":2,"href":"https:\/\/wedigitek.bichosolto.com\/es\/wp-json\/wp\/v2\/pages\/5124\/revisions"}],"predecessor-version":[{"id":5126,"href":"https:\/\/wedigitek.bichosolto.com\/es\/wp-json\/wp\/v2\/pages\/5124\/revisions\/5126"}],"up":[{"embeddable":true,"href":"https:\/\/wedigitek.bichosolto.com\/es\/wp-json\/wp\/v2\/pages\/5093"}],"wp:attachment":[{"href":"https:\/\/wedigitek.bichosolto.com\/es\/wp-json\/wp\/v2\/media?parent=5124"}],"curies":[{"name":"wp","href":"https:\/\/api.w.org\/{rel}","templated":true}]}}