{"id":5121,"date":"2024-06-03T07:57:39","date_gmt":"2024-06-03T06:57:39","guid":{"rendered":"https:\/\/wedigitek.bichosolto.com\/novosite\/?page_id=5121"},"modified":"2024-07-08T15:45:22","modified_gmt":"2024-07-08T18:45:22","slug":"punto-de-venta-educacion","status":"publish","type":"page","link":"https:\/\/wedigitek.bichosolto.com\/es\/segmento-educacion\/punto-de-venta-educacion\/","title":{"rendered":"Punto de Venta : Educaci\u00f3n"},"content":{"rendered":"\r\n<h1 class=\"wp-block-heading\">Punto de Venta <strong>(PDV)<\/strong><\/h1>\r\n\r\n\r\n\r\n<h2 class=\"wp-block-heading\">para el Sector de la Educaci\u00f3n<\/h2>\r\n\r\n\r\n\r\n<p>Nuestro PDV es la plataforma completa para la gesti\u00f3n financiera efectiva de la operaci\u00f3n, ofreciendo diferentes formas de transacci\u00f3n con una interfaz simple y visual, proporcionando agilidad para el equipo.<\/p>\r\n\r\n\r\n\r\n<p>Sin la necesidad de compra de equipos espec\u00edficos para la configuraci\u00f3n y con la practicidad de que las compras se realicen sin importar el equipo, nuestro PDV es la soluci\u00f3n ideal para cualquier unidad que busque incorporar un m\u00f3dulo transaccional.<\/p>\r\n","protected":false},"excerpt":{"rendered":"<p>Punto de Venta (PDV) para el Sector de la Educaci\u00f3n Nuestro PDV es la plataforma completa para la gesti\u00f3n financiera efectiva de la operaci\u00f3n, ofreciendo diferentes formas de transacci\u00f3n con una interfaz simple y visual, proporcionando agilidad para el equipo. Sin la necesidad de compra de equipos espec\u00edficos para la configuraci\u00f3n y con la practicidad&#8230;  <a class=\"excerpt-read-more\" href=\"https:\/\/wedigitek.bichosolto.com\/es\/segmento-educacion\/punto-de-venta-educacion\/\" title=\"Read Punto de Venta : Educaci\u00f3n\">continuar lendo &raquo;<\/a><\/p>\n","protected":false},"author":1,"featured_media":0,"parent":5093,"menu_order":3,"comment_status":"closed","ping_status":"closed","template":"page-segment-solution.php","meta":{"_acf_changed":false,"footnotes":""},"class_list":["post-5121","page","type-page","status-publish","hentry"],"acf":[],"_links":{"self":[{"href":"https:\/\/wedigitek.bichosolto.com\/es\/wp-json\/wp\/v2\/pages\/5121","targetHints":{"allow":["GET"]}}],"collection":[{"href":"https:\/\/wedigitek.bichosolto.com\/es\/wp-json\/wp\/v2\/pages"}],"about":[{"href":"https:\/\/wedigitek.bichosolto.com\/es\/wp-json\/wp\/v2\/types\/page"}],"author":[{"embeddable":true,"href":"https:\/\/wedigitek.bichosolto.com\/es\/wp-json\/wp\/v2\/users\/1"}],"replies":[{"embeddable":true,"href":"https:\/\/wedigitek.bichosolto.com\/es\/wp-json\/wp\/v2\/comments?post=5121"}],"version-history":[{"count":2,"href":"https:\/\/wedigitek.bichosolto.com\/es\/wp-json\/wp\/v2\/pages\/5121\/revisions"}],"predecessor-version":[{"id":5123,"href":"https:\/\/wedigitek.bichosolto.com\/es\/wp-json\/wp\/v2\/pages\/5121\/revisions\/5123"}],"up":[{"embeddable":true,"href":"https:\/\/wedigitek.bichosolto.com\/es\/wp-json\/wp\/v2\/pages\/5093"}],"wp:attachment":[{"href":"https:\/\/wedigitek.bichosolto.com\/es\/wp-json\/wp\/v2\/media?parent=5121"}],"curies":[{"name":"wp","href":"https:\/\/api.w.org\/{rel}","templated":true}]}}