{"id":5103,"date":"2024-04-08T13:12:55","date_gmt":"2024-04-08T12:12:55","guid":{"rendered":"https:\/\/wedigitek.bichosolto.com\/novosite\/?page_id=5103"},"modified":"2024-07-08T12:10:28","modified_gmt":"2024-07-08T15:10:28","slug":"segmento-corporativo","status":"publish","type":"page","link":"https:\/\/wedigitek.bichosolto.com\/es\/segmento-corporativo\/","title":{"rendered":"Segmento Corporativo"},"content":{"rendered":"\r\n<h1 class=\"wp-block-heading\">Nosotros: Soluciones Digitek<\/h1>\r\n\r\n\r\n\r\n<h2 class=\"wp-block-heading\">PARA EL <strong>SECTOR CORPORATIVO<\/strong><\/h2>\r\n\r\n\r\n\r\n<p>Sin\u00f3nimo del sector de comidas colectivas: cuando pensamos en una operaci\u00f3n tradicional, normalmente lo que visualizamos es un escenario del segmento corporativo.<\/p>\r\n\r\n\r\n\r\n<p>Esto incluye empleados de los m\u00e1s diversos perfiles que trabajan en diferentes empresas (desde f\u00e1bricas y almacenes hasta oficinas).<\/p>\r\n","protected":false},"excerpt":{"rendered":"<p>Nosotros: Soluciones Digitek PARA EL SECTOR CORPORATIVO Sin\u00f3nimo del sector de comidas colectivas: cuando pensamos en una operaci\u00f3n tradicional, normalmente lo que visualizamos es un escenario del segmento corporativo. Esto incluye empleados de los m\u00e1s diversos perfiles que trabajan en diferentes empresas (desde f\u00e1bricas y almacenes hasta oficinas).<\/p>\n","protected":false},"author":1,"featured_media":0,"parent":0,"menu_order":0,"comment_status":"closed","ping_status":"closed","template":"page-segment-overview.php","meta":{"_acf_changed":false,"footnotes":""},"class_list":["post-5103","page","type-page","status-publish","hentry"],"acf":[],"_links":{"self":[{"href":"https:\/\/wedigitek.bichosolto.com\/es\/wp-json\/wp\/v2\/pages\/5103","targetHints":{"allow":["GET"]}}],"collection":[{"href":"https:\/\/wedigitek.bichosolto.com\/es\/wp-json\/wp\/v2\/pages"}],"about":[{"href":"https:\/\/wedigitek.bichosolto.com\/es\/wp-json\/wp\/v2\/types\/page"}],"author":[{"embeddable":true,"href":"https:\/\/wedigitek.bichosolto.com\/es\/wp-json\/wp\/v2\/users\/1"}],"replies":[{"embeddable":true,"href":"https:\/\/wedigitek.bichosolto.com\/es\/wp-json\/wp\/v2\/comments?post=5103"}],"version-history":[{"count":1,"href":"https:\/\/wedigitek.bichosolto.com\/es\/wp-json\/wp\/v2\/pages\/5103\/revisions"}],"predecessor-version":[{"id":5104,"href":"https:\/\/wedigitek.bichosolto.com\/es\/wp-json\/wp\/v2\/pages\/5103\/revisions\/5104"}],"wp:attachment":[{"href":"https:\/\/wedigitek.bichosolto.com\/es\/wp-json\/wp\/v2\/media?parent=5103"}],"curies":[{"name":"wp","href":"https:\/\/api.w.org\/{rel}","templated":true}]}}