{"id":5098,"date":"2024-06-03T07:55:51","date_gmt":"2024-06-03T06:55:51","guid":{"rendered":"https:\/\/wedigitek.bichosolto.com\/novosite\/?page_id=5098"},"modified":"2024-07-08T15:24:05","modified_gmt":"2024-07-08T18:24:05","slug":"backoffice-educacion","status":"publish","type":"page","link":"https:\/\/wedigitek.bichosolto.com\/es\/segmento-educacion\/backoffice-educacion\/","title":{"rendered":"BackOffice : Educaci\u00f3n"},"content":{"rendered":"\r\n<h1 class=\"wp-block-heading\">Back<strong>Office<\/strong><\/h1>\r\n\r\n\r\n\r\n<h2 class=\"wp-block-heading\">para el Sector de la Educaci\u00f3n<\/h2>\r\n\r\n\r\n\r\n<p>Plataforma para acceso de informaci\u00f3n por la operaci\u00f3n de las unidades: es a trav\u00e9s de este sitio que la Gerente de la Unidad podr\u00e1 realizar las actualizaciones de las opciones disponibles en el men\u00fa, adem\u00e1s de consultar dashboards para evaluar la encuesta de satisfacci\u00f3n, venta de productos y todas las dem\u00e1s funcionalidades de la aplicaci\u00f3n.<\/p>\r\n","protected":false},"excerpt":{"rendered":"<p>BackOffice para el Sector de la Educaci\u00f3n Plataforma para acceso de informaci\u00f3n por la operaci\u00f3n de las unidades: es a trav\u00e9s de este sitio que la Gerente de la Unidad podr\u00e1 realizar las actualizaciones de las opciones disponibles en el men\u00fa, adem\u00e1s de consultar dashboards para evaluar la encuesta de satisfacci\u00f3n, venta de productos y&#8230;  <a class=\"excerpt-read-more\" href=\"https:\/\/wedigitek.bichosolto.com\/es\/segmento-educacion\/backoffice-educacion\/\" title=\"Read BackOffice : Educaci\u00f3n\">continuar lendo &raquo;<\/a><\/p>\n","protected":false},"author":1,"featured_media":0,"parent":5093,"menu_order":1,"comment_status":"closed","ping_status":"closed","template":"page-segment-solution.php","meta":{"_acf_changed":false,"footnotes":""},"class_list":["post-5098","page","type-page","status-publish","hentry"],"acf":[],"_links":{"self":[{"href":"https:\/\/wedigitek.bichosolto.com\/es\/wp-json\/wp\/v2\/pages\/5098","targetHints":{"allow":["GET"]}}],"collection":[{"href":"https:\/\/wedigitek.bichosolto.com\/es\/wp-json\/wp\/v2\/pages"}],"about":[{"href":"https:\/\/wedigitek.bichosolto.com\/es\/wp-json\/wp\/v2\/types\/page"}],"author":[{"embeddable":true,"href":"https:\/\/wedigitek.bichosolto.com\/es\/wp-json\/wp\/v2\/users\/1"}],"replies":[{"embeddable":true,"href":"https:\/\/wedigitek.bichosolto.com\/es\/wp-json\/wp\/v2\/comments?post=5098"}],"version-history":[{"count":4,"href":"https:\/\/wedigitek.bichosolto.com\/es\/wp-json\/wp\/v2\/pages\/5098\/revisions"}],"predecessor-version":[{"id":5120,"href":"https:\/\/wedigitek.bichosolto.com\/es\/wp-json\/wp\/v2\/pages\/5098\/revisions\/5120"}],"up":[{"embeddable":true,"href":"https:\/\/wedigitek.bichosolto.com\/es\/wp-json\/wp\/v2\/pages\/5093"}],"wp:attachment":[{"href":"https:\/\/wedigitek.bichosolto.com\/es\/wp-json\/wp\/v2\/media?parent=5098"}],"curies":[{"name":"wp","href":"https:\/\/api.w.org\/{rel}","templated":true}]}}