{"id":5093,"date":"2024-06-03T07:49:47","date_gmt":"2024-06-03T06:49:47","guid":{"rendered":"https:\/\/wedigitek.bichosolto.com\/novosite\/?page_id=5093"},"modified":"2024-07-08T11:58:59","modified_gmt":"2024-07-08T14:58:59","slug":"segmento-educacion","status":"publish","type":"page","link":"https:\/\/wedigitek.bichosolto.com\/es\/segmento-educacion\/","title":{"rendered":"Segmento Educaci\u00f3n"},"content":{"rendered":"\r\n<h1 class=\"wp-block-heading\">Solu\u00e7\u00f5es We:Digitek<\/h1>\r\n\r\n\r\n\r\n<h2 class=\"wp-block-heading\">PARA EL <strong>SECTOR DE LA EDUCACI\u00d3N<\/strong><\/h2>\r\n\r\n\r\n\r\n<p>Segmento representado mayoritariamente por escuelas y universidades. Aqu\u00ed es necesario considerar diferentes p\u00fablicos objetivos, desde los estudiantes y sus padres y madres (en el flujo para la autorizaci\u00f3n y consumo de comidas de sus hijos), hasta los propios profesores y colaboradores que trabajan en la instituci\u00f3n.<\/p>\r\n\r\n\r\n\r\n<p>Para estudiantes de educaci\u00f3n b\u00e1sica a media, es importante contar con la visibilidad por parte de los padres de la composici\u00f3n de los alimentos consumidos por sus hijos, as\u00ed como un control financiero del valor disponible peri\u00f3dicamente.<\/p>\r\n","protected":false},"excerpt":{"rendered":"<p>Solu\u00e7\u00f5es We:Digitek PARA EL SECTOR DE LA EDUCACI\u00d3N Segmento representado mayoritariamente por escuelas y universidades. Aqu\u00ed es necesario considerar diferentes p\u00fablicos objetivos, desde los estudiantes y sus padres y madres (en el flujo para la autorizaci\u00f3n y consumo de comidas de sus hijos), hasta los propios profesores y colaboradores que trabajan en la instituci\u00f3n. Para&#8230;  <a class=\"excerpt-read-more\" href=\"https:\/\/wedigitek.bichosolto.com\/es\/segmento-educacion\/\" title=\"Read Segmento Educaci\u00f3n\">continuar lendo &raquo;<\/a><\/p>\n","protected":false},"author":1,"featured_media":0,"parent":0,"menu_order":0,"comment_status":"closed","ping_status":"closed","template":"page-segment-overview.php","meta":{"_acf_changed":false,"footnotes":""},"class_list":["post-5093","page","type-page","status-publish","hentry"],"acf":[],"_links":{"self":[{"href":"https:\/\/wedigitek.bichosolto.com\/es\/wp-json\/wp\/v2\/pages\/5093","targetHints":{"allow":["GET"]}}],"collection":[{"href":"https:\/\/wedigitek.bichosolto.com\/es\/wp-json\/wp\/v2\/pages"}],"about":[{"href":"https:\/\/wedigitek.bichosolto.com\/es\/wp-json\/wp\/v2\/types\/page"}],"author":[{"embeddable":true,"href":"https:\/\/wedigitek.bichosolto.com\/es\/wp-json\/wp\/v2\/users\/1"}],"replies":[{"embeddable":true,"href":"https:\/\/wedigitek.bichosolto.com\/es\/wp-json\/wp\/v2\/comments?post=5093"}],"version-history":[{"count":1,"href":"https:\/\/wedigitek.bichosolto.com\/es\/wp-json\/wp\/v2\/pages\/5093\/revisions"}],"predecessor-version":[{"id":5094,"href":"https:\/\/wedigitek.bichosolto.com\/es\/wp-json\/wp\/v2\/pages\/5093\/revisions\/5094"}],"wp:attachment":[{"href":"https:\/\/wedigitek.bichosolto.com\/es\/wp-json\/wp\/v2\/media?parent=5093"}],"curies":[{"name":"wp","href":"https:\/\/api.w.org\/{rel}","templated":true}]}}