{"id":5083,"date":"2024-06-03T08:09:42","date_gmt":"2024-06-03T07:09:42","guid":{"rendered":"https:\/\/wedigitek.bichosolto.com\/novosite\/?page_id=5083"},"modified":"2024-07-08T11:00:45","modified_gmt":"2024-07-08T14:00:45","slug":"tv-corporativa-salud","status":"publish","type":"page","link":"https:\/\/wedigitek.bichosolto.com\/es\/segmento-de-salud\/tv-corporativa-salud\/","title":{"rendered":"TV Corporativa : Salud"},"content":{"rendered":"\r\n<h1 class=\"wp-block-heading\">TV <strong>Corporativa<\/strong><\/h1>\r\n\r\n\r\n\r\n<h2 class=\"wp-block-heading\">para el Sector de la Salud<\/h2>\r\n\r\n\r\n\r\n<p>La TV corporativa puede ser utilizada para la difusi\u00f3n de diferentes informaciones a los colaboradores de la empresa, clientes e incluso empleados. B\u00e1sicamente consiste en la presentaci\u00f3n en pantalla de informaci\u00f3n sobre los men\u00fas de los restaurantes, informaci\u00f3n comercial o cualquier otra que el cliente desee.<\/p>\r\n\r\n\r\n\r\n<p>Se utiliza principalmente para la exhibici\u00f3n de men\u00fas a trav\u00e9s de televisores ubicados en las entradas de los restaurantes, mostrando las opciones del d\u00eda a los empleados.<\/p>\r\n\r\n\r\n\r\n<h4 class=\"wp-block-heading\">Diferentes Aplicaciones<\/h4>\r\n\r\n\r\n\r\n<p>El circuito de TVs puede ser utilizado seg\u00fan la necesidad del cliente, incluyendo opciones como:<\/p>\r\n","protected":false},"excerpt":{"rendered":"<p>TV Corporativa para el Sector de la Salud La TV corporativa puede ser utilizada para la difusi\u00f3n de diferentes informaciones a los colaboradores de la empresa, clientes e incluso empleados. B\u00e1sicamente consiste en la presentaci\u00f3n en pantalla de informaci\u00f3n sobre los men\u00fas de los restaurantes, informaci\u00f3n comercial o cualquier otra que el cliente desee. Se&#8230;  <a class=\"excerpt-read-more\" href=\"https:\/\/wedigitek.bichosolto.com\/es\/segmento-de-salud\/tv-corporativa-salud\/\" title=\"Read TV Corporativa : Salud\">continuar lendo &raquo;<\/a><\/p>\n","protected":false},"author":1,"featured_media":0,"parent":5052,"menu_order":5,"comment_status":"closed","ping_status":"closed","template":"page-segment-solution.php","meta":{"_acf_changed":false,"footnotes":""},"class_list":["post-5083","page","type-page","status-publish","hentry"],"acf":[],"_links":{"self":[{"href":"https:\/\/wedigitek.bichosolto.com\/es\/wp-json\/wp\/v2\/pages\/5083","targetHints":{"allow":["GET"]}}],"collection":[{"href":"https:\/\/wedigitek.bichosolto.com\/es\/wp-json\/wp\/v2\/pages"}],"about":[{"href":"https:\/\/wedigitek.bichosolto.com\/es\/wp-json\/wp\/v2\/types\/page"}],"author":[{"embeddable":true,"href":"https:\/\/wedigitek.bichosolto.com\/es\/wp-json\/wp\/v2\/users\/1"}],"replies":[{"embeddable":true,"href":"https:\/\/wedigitek.bichosolto.com\/es\/wp-json\/wp\/v2\/comments?post=5083"}],"version-history":[{"count":2,"href":"https:\/\/wedigitek.bichosolto.com\/es\/wp-json\/wp\/v2\/pages\/5083\/revisions"}],"predecessor-version":[{"id":5085,"href":"https:\/\/wedigitek.bichosolto.com\/es\/wp-json\/wp\/v2\/pages\/5083\/revisions\/5085"}],"up":[{"embeddable":true,"href":"https:\/\/wedigitek.bichosolto.com\/es\/wp-json\/wp\/v2\/pages\/5052"}],"wp:attachment":[{"href":"https:\/\/wedigitek.bichosolto.com\/es\/wp-json\/wp\/v2\/media?parent=5083"}],"curies":[{"name":"wp","href":"https:\/\/api.w.org\/{rel}","templated":true}]}}