{"id":5079,"date":"2024-06-03T08:09:34","date_gmt":"2024-06-03T07:09:34","guid":{"rendered":"https:\/\/wedigitek.bichosolto.com\/novosite\/?page_id=5079"},"modified":"2024-07-08T10:52:10","modified_gmt":"2024-07-08T13:52:10","slug":"soluciones-de-iot-salud","status":"publish","type":"page","link":"https:\/\/wedigitek.bichosolto.com\/es\/segmento-de-salud\/soluciones-de-iot-salud\/","title":{"rendered":"Soluciones de IoT : Salud"},"content":{"rendered":"\r\n<h1 class=\"wp-block-heading\"><strong>Soluciones IoT<\/strong><\/h1>\r\n\r\n\r\n\r\n<h2 class=\"wp-block-heading\">para el sector de la Salud<\/h2>\r\n\r\n\r\n\r\n<p>Soluciones que engloban el concepto de Internet de las Cosas (IoT), es decir, que tienen una conexi\u00f3n entre objetos f\u00edsicos y dispositivos digitales para intercambiar datos. Un ejemplo pr\u00e1ctico es el sensor de aforo: para que funcione, los sensores que contabilizar\u00e1n la entrada y salida de personas del restaurante deben estar conectados a internet. De esta forma, los usuarios de la aplicaci\u00f3n podr\u00e1n consultar, en tiempo real, el n\u00famero de personas que entraron al restaurante y consultar la disponibilidad de asientos.<\/p>\r\n","protected":false},"excerpt":{"rendered":"<p>Soluciones IoT para el sector de la Salud Soluciones que engloban el concepto de Internet de las Cosas (IoT), es decir, que tienen una conexi\u00f3n entre objetos f\u00edsicos y dispositivos digitales para intercambiar datos. Un ejemplo pr\u00e1ctico es el sensor de aforo: para que funcione, los sensores que contabilizar\u00e1n la entrada y salida de personas&#8230;  <a class=\"excerpt-read-more\" href=\"https:\/\/wedigitek.bichosolto.com\/es\/segmento-de-salud\/soluciones-de-iot-salud\/\" title=\"Read Soluciones de IoT : Salud\">continuar lendo &raquo;<\/a><\/p>\n","protected":false},"author":1,"featured_media":0,"parent":5052,"menu_order":4,"comment_status":"closed","ping_status":"closed","template":"page-segment-solution.php","meta":{"_acf_changed":false,"footnotes":""},"class_list":["post-5079","page","type-page","status-publish","hentry"],"acf":[],"_links":{"self":[{"href":"https:\/\/wedigitek.bichosolto.com\/es\/wp-json\/wp\/v2\/pages\/5079","targetHints":{"allow":["GET"]}}],"collection":[{"href":"https:\/\/wedigitek.bichosolto.com\/es\/wp-json\/wp\/v2\/pages"}],"about":[{"href":"https:\/\/wedigitek.bichosolto.com\/es\/wp-json\/wp\/v2\/types\/page"}],"author":[{"embeddable":true,"href":"https:\/\/wedigitek.bichosolto.com\/es\/wp-json\/wp\/v2\/users\/1"}],"replies":[{"embeddable":true,"href":"https:\/\/wedigitek.bichosolto.com\/es\/wp-json\/wp\/v2\/comments?post=5079"}],"version-history":[{"count":3,"href":"https:\/\/wedigitek.bichosolto.com\/es\/wp-json\/wp\/v2\/pages\/5079\/revisions"}],"predecessor-version":[{"id":5082,"href":"https:\/\/wedigitek.bichosolto.com\/es\/wp-json\/wp\/v2\/pages\/5079\/revisions\/5082"}],"up":[{"embeddable":true,"href":"https:\/\/wedigitek.bichosolto.com\/es\/wp-json\/wp\/v2\/pages\/5052"}],"wp:attachment":[{"href":"https:\/\/wedigitek.bichosolto.com\/es\/wp-json\/wp\/v2\/media?parent=5079"}],"curies":[{"name":"wp","href":"https:\/\/api.w.org\/{rel}","templated":true}]}}