{"id":5072,"date":"2024-06-03T07:56:35","date_gmt":"2024-06-03T06:56:35","guid":{"rendered":"https:\/\/wedigitek.bichosolto.com\/novosite\/?page_id=5072"},"modified":"2024-07-08T08:01:05","modified_gmt":"2024-07-08T11:01:05","slug":"totem-de-autoservicio-educacion","status":"publish","type":"page","link":"https:\/\/wedigitek.bichosolto.com\/es\/segmento-educacion\/totem-de-autoservicio-educacion\/","title":{"rendered":"T\u00f3tem de Autoservicio : Educaci\u00f3n"},"content":{"rendered":"\r\n<h1 class=\"wp-block-heading\"><strong>T\u00f3tem de autoservicio<\/strong><\/h1>\r\n\r\n\r\n\r\n<h2 class=\"wp-block-heading\">para el Sector Educativo<\/h2>\r\n\r\n\r\n\r\n<p>Desarrollamos el software utilizado por los t\u00f3tems de autoservicio, con el objetivo de facilitar el uso de diferentes funcionalidades, seg\u00fan el listado a continuaci\u00f3n. Podemos instalarlos en t\u00f3tems de terceros (ya utilizados en el restaurante), o ponerlos a disposici\u00f3n a trav\u00e9s de <a href=\"https:\/\/wedigitek.bichosolto.com\/educacao\/locacao-de-equipamentos\/\">ubicaci\u00f3n\/venta<\/ a >equipo propio.<\/p>\r\n\r\n\r\n\r\n<h4 class=\"wp-block-heading\">Diferentes funciones<\/h4>\r\n\r\n\r\n\r\n<p>Los t\u00f3tems de autoservicio tienen diferentes aplicaciones para su uso en la unidad:<\/p>\r\n","protected":false},"excerpt":{"rendered":"<p>T\u00f3tem de autoservicio para el Sector Educativo Desarrollamos el software utilizado por los t\u00f3tems de autoservicio, con el objetivo de facilitar el uso de diferentes funcionalidades, seg\u00fan el listado a continuaci\u00f3n. Podemos instalarlos en t\u00f3tems de terceros (ya utilizados en el restaurante), o ponerlos a disposici\u00f3n a trav\u00e9s de ubicaci\u00f3n\/ventaequipo propio. Diferentes funciones Los t\u00f3tems&#8230;  <a class=\"excerpt-read-more\" href=\"https:\/\/wedigitek.bichosolto.com\/es\/segmento-educacion\/totem-de-autoservicio-educacion\/\" title=\"Read T\u00f3tem de Autoservicio : Educaci\u00f3n\">continuar lendo &raquo;<\/a><\/p>\n","protected":false},"author":1,"featured_media":0,"parent":5093,"menu_order":2,"comment_status":"closed","ping_status":"closed","template":"page-segment-solution.php","meta":{"_acf_changed":false,"footnotes":""},"class_list":["post-5072","page","type-page","status-publish","hentry"],"acf":[],"_links":{"self":[{"href":"https:\/\/wedigitek.bichosolto.com\/es\/wp-json\/wp\/v2\/pages\/5072","targetHints":{"allow":["GET"]}}],"collection":[{"href":"https:\/\/wedigitek.bichosolto.com\/es\/wp-json\/wp\/v2\/pages"}],"about":[{"href":"https:\/\/wedigitek.bichosolto.com\/es\/wp-json\/wp\/v2\/types\/page"}],"author":[{"embeddable":true,"href":"https:\/\/wedigitek.bichosolto.com\/es\/wp-json\/wp\/v2\/users\/1"}],"replies":[{"embeddable":true,"href":"https:\/\/wedigitek.bichosolto.com\/es\/wp-json\/wp\/v2\/comments?post=5072"}],"version-history":[{"count":2,"href":"https:\/\/wedigitek.bichosolto.com\/es\/wp-json\/wp\/v2\/pages\/5072\/revisions"}],"predecessor-version":[{"id":5074,"href":"https:\/\/wedigitek.bichosolto.com\/es\/wp-json\/wp\/v2\/pages\/5072\/revisions\/5074"}],"up":[{"embeddable":true,"href":"https:\/\/wedigitek.bichosolto.com\/es\/wp-json\/wp\/v2\/pages\/5093"}],"wp:attachment":[{"href":"https:\/\/wedigitek.bichosolto.com\/es\/wp-json\/wp\/v2\/media?parent=5072"}],"curies":[{"name":"wp","href":"https:\/\/api.w.org\/{rel}","templated":true}]}}