{"id":5054,"date":"2024-06-03T08:08:39","date_gmt":"2024-06-03T07:08:39","guid":{"rendered":"https:\/\/wedigitek.bichosolto.com\/novosite\/?page_id=5054"},"modified":"2024-07-08T07:44:38","modified_gmt":"2024-07-08T10:44:38","slug":"aplicacion-salud","status":"publish","type":"page","link":"https:\/\/wedigitek.bichosolto.com\/es\/segmento-de-salud\/aplicacion-salud\/","title":{"rendered":"Aplicaci\u00f3n : Salud"},"content":{"rendered":"\r\n<h1 class=\"wp-block-heading\">Aplicaci\u00f3n <strong>(APP)<\/strong><\/h1>\r\n\r\n\r\n\r\n<h2 class=\"wp-block-heading\">para el sector sanitario<\/h2>\r\n\r\n\r\n\r\n<p>La aplicaci\u00f3n desarrollada por We:Digitek tiene como objetivo facilitar la interacci\u00f3n del cliente con el restaurante, proporcionando una experiencia fluida y accesible para que pueda utilizar todas sus funcionalidades f\u00e1cilmente.<\/p>\r\n\r\n\r\n\r\n<h4 class=\"wp-block-heading\">Consulta m\u00e1s detalles a continuaci\u00f3n:<\/h4>\r\n","protected":false},"excerpt":{"rendered":"<p>Aplicaci\u00f3n (APP) para el sector sanitario La aplicaci\u00f3n desarrollada por We:Digitek tiene como objetivo facilitar la interacci\u00f3n del cliente con el restaurante, proporcionando una experiencia fluida y accesible para que pueda utilizar todas sus funcionalidades f\u00e1cilmente. Consulta m\u00e1s detalles a continuaci\u00f3n:<\/p>\n","protected":false},"author":1,"featured_media":0,"parent":5052,"menu_order":0,"comment_status":"closed","ping_status":"closed","template":"page-segment-solution.php","meta":{"_acf_changed":false,"footnotes":""},"class_list":["post-5054","page","type-page","status-publish","hentry"],"acf":[],"_links":{"self":[{"href":"https:\/\/wedigitek.bichosolto.com\/es\/wp-json\/wp\/v2\/pages\/5054","targetHints":{"allow":["GET"]}}],"collection":[{"href":"https:\/\/wedigitek.bichosolto.com\/es\/wp-json\/wp\/v2\/pages"}],"about":[{"href":"https:\/\/wedigitek.bichosolto.com\/es\/wp-json\/wp\/v2\/types\/page"}],"author":[{"embeddable":true,"href":"https:\/\/wedigitek.bichosolto.com\/es\/wp-json\/wp\/v2\/users\/1"}],"replies":[{"embeddable":true,"href":"https:\/\/wedigitek.bichosolto.com\/es\/wp-json\/wp\/v2\/comments?post=5054"}],"version-history":[{"count":2,"href":"https:\/\/wedigitek.bichosolto.com\/es\/wp-json\/wp\/v2\/pages\/5054\/revisions"}],"predecessor-version":[{"id":5056,"href":"https:\/\/wedigitek.bichosolto.com\/es\/wp-json\/wp\/v2\/pages\/5054\/revisions\/5056"}],"up":[{"embeddable":true,"href":"https:\/\/wedigitek.bichosolto.com\/es\/wp-json\/wp\/v2\/pages\/5052"}],"wp:attachment":[{"href":"https:\/\/wedigitek.bichosolto.com\/es\/wp-json\/wp\/v2\/media?parent=5054"}],"curies":[{"name":"wp","href":"https:\/\/api.w.org\/{rel}","templated":true}]}}