{"id":5052,"date":"2024-06-03T07:50:11","date_gmt":"2024-06-03T06:50:11","guid":{"rendered":"https:\/\/wedigitek.bichosolto.com\/novosite\/?page_id=5052"},"modified":"2024-07-08T07:41:03","modified_gmt":"2024-07-08T10:41:03","slug":"segmento-de-salud","status":"publish","type":"page","link":"https:\/\/wedigitek.bichosolto.com\/es\/segmento-de-salud\/","title":{"rendered":"Segmento de Salud"},"content":{"rendered":"\r\n<h1 class=\"wp-block-heading\">Nosotros: Soluciones Digitek<\/h1>\r\n\r\n\r\n\r\n<h2 class=\"wp-block-heading\">PARA EL <strong>SECTOR SALUD<\/strong><\/h2>\r\n\r\n\r\n\r\n<p>Contemplado por los hospitales, el segmento salud tiene una necesidad ligada a la alimentaci\u00f3n que var\u00eda desde la asertividad necesaria para la log\u00edstica de separaci\u00f3n, preparaci\u00f3n y env\u00edo de alimentos a los pacientes, hasta la diferenciaci\u00f3n entre el perfil del consumidor (pacientes y sus acompa\u00f1antes, adem\u00e1s a m\u00e9dicos y empleados que trabajan en el sitio).<\/p>\r\n\r\n\r\n\r\n<p>Es sumamente importante aportar formas de mejorar la organizaci\u00f3n de los hospitales, que cuentan con diferentes plataformas para este fin.<\/p>\r\n","protected":false},"excerpt":{"rendered":"<p>Nosotros: Soluciones Digitek PARA EL SECTOR SALUD Contemplado por los hospitales, el segmento salud tiene una necesidad ligada a la alimentaci\u00f3n que var\u00eda desde la asertividad necesaria para la log\u00edstica de separaci\u00f3n, preparaci\u00f3n y env\u00edo de alimentos a los pacientes, hasta la diferenciaci\u00f3n entre el perfil del consumidor (pacientes y sus acompa\u00f1antes, adem\u00e1s a m\u00e9dicos&#8230;  <a class=\"excerpt-read-more\" href=\"https:\/\/wedigitek.bichosolto.com\/es\/segmento-de-salud\/\" title=\"Read Segmento de Salud\">continuar lendo &raquo;<\/a><\/p>\n","protected":false},"author":1,"featured_media":0,"parent":0,"menu_order":0,"comment_status":"closed","ping_status":"closed","template":"page-segment-overview.php","meta":{"_acf_changed":false,"footnotes":""},"class_list":["post-5052","page","type-page","status-publish","hentry"],"acf":[],"_links":{"self":[{"href":"https:\/\/wedigitek.bichosolto.com\/es\/wp-json\/wp\/v2\/pages\/5052","targetHints":{"allow":["GET"]}}],"collection":[{"href":"https:\/\/wedigitek.bichosolto.com\/es\/wp-json\/wp\/v2\/pages"}],"about":[{"href":"https:\/\/wedigitek.bichosolto.com\/es\/wp-json\/wp\/v2\/types\/page"}],"author":[{"embeddable":true,"href":"https:\/\/wedigitek.bichosolto.com\/es\/wp-json\/wp\/v2\/users\/1"}],"replies":[{"embeddable":true,"href":"https:\/\/wedigitek.bichosolto.com\/es\/wp-json\/wp\/v2\/comments?post=5052"}],"version-history":[{"count":1,"href":"https:\/\/wedigitek.bichosolto.com\/es\/wp-json\/wp\/v2\/pages\/5052\/revisions"}],"predecessor-version":[{"id":5053,"href":"https:\/\/wedigitek.bichosolto.com\/es\/wp-json\/wp\/v2\/pages\/5052\/revisions\/5053"}],"wp:attachment":[{"href":"https:\/\/wedigitek.bichosolto.com\/es\/wp-json\/wp\/v2\/media?parent=5052"}],"curies":[{"name":"wp","href":"https:\/\/api.w.org\/{rel}","templated":true}]}}