{"id":5048,"date":"2024-06-03T08:16:29","date_gmt":"2024-06-03T07:16:29","guid":{"rendered":"https:\/\/wedigitek.bichosolto.com\/novosite\/?page_id=5048"},"modified":"2024-07-08T07:38:23","modified_gmt":"2024-07-08T10:38:23","slug":"soluciones-a-medida-energia","status":"publish","type":"page","link":"https:\/\/wedigitek.bichosolto.com\/es\/segmento-energia\/soluciones-a-medida-energia\/","title":{"rendered":"Soluciones a medida: Energ\u00eda"},"content":{"rendered":"\r\n<p>Adem\u00e1s de las soluciones ya desarrolladas y disponibles para nuestros clientes, tambi\u00e9n cubrimos el desarrollo de nuevas soluciones basadas en sus necesidades. Tenemos algunos casos interesantes en este sentido, que fueron creados a partir de estas solicitudes:<\/p>\r\n<!-- \/wp:paragraph --><!-- wp:post-content --><!-- wp:heading {\"nivel\":1} -->\r\n<h1 class=\"wp-block-heading\"><strong>Soluciones personalizadas<\/strong><\/h1>\r\n<!-- \/wp:heading -->\r\n\r\n<!-- wp:heading -->\r\n<h2 class=\"wp-block-heading\">para ubicaciones remotas y energ\u00eda<\/h2>\r\n<!-- \/wp:heading -->\r\n\r\n<!-- wp:paragraph -->\r\n<p>Adem\u00e1s de las soluciones ya desarrolladas y disponibles para nuestros clientes, tambi\u00e9n cubrimos el desarrollo de nuevas soluciones basadas en sus necesidades. Tenemos algunos casos interesantes en este sentido, que fueron creados a partir de estas solicitudes:<\/p>\r\n<!-- wp:paragraph --><!-- \/wp:post-content -->","protected":false},"excerpt":{"rendered":"<p>Soluciones personalizadas para ubicaciones remotas y energ\u00eda Adem\u00e1s de las soluciones ya desarrolladas y disponibles para nuestros clientes, tambi\u00e9n cubrimos el desarrollo de nuevas soluciones basadas en sus necesidades. Tenemos algunos casos interesantes en este sentido, que fueron creados a partir de estas solicitudes: Adem\u00e1s de las soluciones ya desarrolladas y disponibles para nuestros clientes,&#8230;  <a class=\"excerpt-read-more\" href=\"https:\/\/wedigitek.bichosolto.com\/es\/segmento-energia\/soluciones-a-medida-energia\/\" title=\"Read Soluciones a medida: Energ\u00eda\">continuar lendo &raquo;<\/a><\/p>\n","protected":false},"author":1,"featured_media":0,"parent":2799,"menu_order":7,"comment_status":"closed","ping_status":"closed","template":"page-segment-solution.php","meta":{"_acf_changed":false,"footnotes":""},"class_list":["post-5048","page","type-page","status-publish","hentry"],"acf":[],"_links":{"self":[{"href":"https:\/\/wedigitek.bichosolto.com\/es\/wp-json\/wp\/v2\/pages\/5048","targetHints":{"allow":["GET"]}}],"collection":[{"href":"https:\/\/wedigitek.bichosolto.com\/es\/wp-json\/wp\/v2\/pages"}],"about":[{"href":"https:\/\/wedigitek.bichosolto.com\/es\/wp-json\/wp\/v2\/types\/page"}],"author":[{"embeddable":true,"href":"https:\/\/wedigitek.bichosolto.com\/es\/wp-json\/wp\/v2\/users\/1"}],"replies":[{"embeddable":true,"href":"https:\/\/wedigitek.bichosolto.com\/es\/wp-json\/wp\/v2\/comments?post=5048"}],"version-history":[{"count":3,"href":"https:\/\/wedigitek.bichosolto.com\/es\/wp-json\/wp\/v2\/pages\/5048\/revisions"}],"predecessor-version":[{"id":5051,"href":"https:\/\/wedigitek.bichosolto.com\/es\/wp-json\/wp\/v2\/pages\/5048\/revisions\/5051"}],"up":[{"embeddable":true,"href":"https:\/\/wedigitek.bichosolto.com\/es\/wp-json\/wp\/v2\/pages\/2799"}],"wp:attachment":[{"href":"https:\/\/wedigitek.bichosolto.com\/es\/wp-json\/wp\/v2\/media?parent=5048"}],"curies":[{"name":"wp","href":"https:\/\/api.w.org\/{rel}","templated":true}]}}