{"id":5042,"date":"2024-06-03T08:16:08","date_gmt":"2024-06-03T07:16:08","guid":{"rendered":"https:\/\/wedigitek.bichosolto.com\/novosite\/?page_id=5042"},"modified":"2024-07-08T07:26:32","modified_gmt":"2024-07-08T10:26:32","slug":"tv-corporativa-energia","status":"publish","type":"page","link":"https:\/\/wedigitek.bichosolto.com\/es\/segmento-energia\/tv-corporativa-energia\/","title":{"rendered":"TV Corporativa : Energ\u00eda"},"content":{"rendered":"\r\n<h1 class=\"wp-block-heading\">TV <strong>Corporativa<\/strong><\/h1>\r\n\r\n\r\n\r\n<h2 class=\"wp-block-heading\">para Lugares Remotos y Energ\u00eda<\/h2>\r\n\r\n\r\n\r\n<p>La TV corporativa puede ser utilizada para la difusi\u00f3n de diferentes informaciones a los colaboradores de la empresa, clientes y hasta empleados. B\u00e1sicamente consiste en la presentaci\u00f3n en pantalla de informaci\u00f3n sobre los men\u00fas de los restaurantes, informaci\u00f3n comercial o cualquier otra que el cliente desee.<\/p>\r\n\r\n\r\n\r\n<p>Se utiliza principalmente para la exhibici\u00f3n de men\u00fas a trav\u00e9s de televisores ubicados en las entradas de los restaurantes, mostrando las opciones del d\u00eda a los empleados.<\/p>\r\n\r\n\r\n\r\n<h4 class=\"wp-block-heading\">Diferentes Aplicaciones<\/h4>\r\n\r\n\r\n\r\n<p>El circuito de TVs puede ser utilizado seg\u00fan la necesidad del cliente, incluyendo opciones como:<\/p>\r\n","protected":false},"excerpt":{"rendered":"<p>TV Corporativa para Lugares Remotos y Energ\u00eda La TV corporativa puede ser utilizada para la difusi\u00f3n de diferentes informaciones a los colaboradores de la empresa, clientes y hasta empleados. B\u00e1sicamente consiste en la presentaci\u00f3n en pantalla de informaci\u00f3n sobre los men\u00fas de los restaurantes, informaci\u00f3n comercial o cualquier otra que el cliente desee. Se utiliza&#8230;  <a class=\"excerpt-read-more\" href=\"https:\/\/wedigitek.bichosolto.com\/es\/segmento-energia\/tv-corporativa-energia\/\" title=\"Read TV Corporativa : Energ\u00eda\">continuar lendo &raquo;<\/a><\/p>\n","protected":false},"author":1,"featured_media":0,"parent":2799,"menu_order":5,"comment_status":"closed","ping_status":"closed","template":"page-segment-solution.php","meta":{"_acf_changed":false,"footnotes":""},"class_list":["post-5042","page","type-page","status-publish","hentry"],"acf":[],"_links":{"self":[{"href":"https:\/\/wedigitek.bichosolto.com\/es\/wp-json\/wp\/v2\/pages\/5042","targetHints":{"allow":["GET"]}}],"collection":[{"href":"https:\/\/wedigitek.bichosolto.com\/es\/wp-json\/wp\/v2\/pages"}],"about":[{"href":"https:\/\/wedigitek.bichosolto.com\/es\/wp-json\/wp\/v2\/types\/page"}],"author":[{"embeddable":true,"href":"https:\/\/wedigitek.bichosolto.com\/es\/wp-json\/wp\/v2\/users\/1"}],"replies":[{"embeddable":true,"href":"https:\/\/wedigitek.bichosolto.com\/es\/wp-json\/wp\/v2\/comments?post=5042"}],"version-history":[{"count":2,"href":"https:\/\/wedigitek.bichosolto.com\/es\/wp-json\/wp\/v2\/pages\/5042\/revisions"}],"predecessor-version":[{"id":5044,"href":"https:\/\/wedigitek.bichosolto.com\/es\/wp-json\/wp\/v2\/pages\/5042\/revisions\/5044"}],"up":[{"embeddable":true,"href":"https:\/\/wedigitek.bichosolto.com\/es\/wp-json\/wp\/v2\/pages\/2799"}],"wp:attachment":[{"href":"https:\/\/wedigitek.bichosolto.com\/es\/wp-json\/wp\/v2\/media?parent=5042"}],"curies":[{"name":"wp","href":"https:\/\/api.w.org\/{rel}","templated":true}]}}