{"id":5038,"date":"2024-06-03T08:15:57","date_gmt":"2024-06-03T07:15:57","guid":{"rendered":"https:\/\/wedigitek.bichosolto.com\/novosite\/?page_id=5038"},"modified":"2024-07-08T07:22:00","modified_gmt":"2024-07-08T10:22:00","slug":"soluciones-iot-energia","status":"publish","type":"page","link":"https:\/\/wedigitek.bichosolto.com\/es\/segmento-energia\/soluciones-iot-energia\/","title":{"rendered":"Soluciones IoT : Energ\u00eda"},"content":{"rendered":"\r\n<h1 class=\"wp-block-heading\">Soluciones <strong>IoT<\/strong><\/h1>\r\n\r\n\r\n\r\n<h2 class=\"wp-block-heading\">para Lugares Remotos y Energ\u00eda<\/h2>\r\n\r\n\r\n\r\n<p>Soluciones que engloban el concepto de Internet de las Cosas (IoT), es decir, que poseen conexi\u00f3n entre objetos f\u00edsicos y dispositivos digitales para el intercambio de datos. Un ejemplo pr\u00e1ctico es el sensor de ocupaci\u00f3n: para que funcione, es necesario que los sensores que realizar\u00e1n el conteo de la entrada y salida de personas en el restaurante est\u00e9n conectados a internet. De esta manera, los usuarios de la aplicaci\u00f3n podr\u00e1n verificar, en tiempo real, el n\u00famero de personas que han ingresado al restaurante y verificar la disponibilidad de lugares.<\/p>\r\n","protected":false},"excerpt":{"rendered":"<p>Soluciones IoT para Lugares Remotos y Energ\u00eda Soluciones que engloban el concepto de Internet de las Cosas (IoT), es decir, que poseen conexi\u00f3n entre objetos f\u00edsicos y dispositivos digitales para el intercambio de datos. Un ejemplo pr\u00e1ctico es el sensor de ocupaci\u00f3n: para que funcione, es necesario que los sensores que realizar\u00e1n el conteo de&#8230;  <a class=\"excerpt-read-more\" href=\"https:\/\/wedigitek.bichosolto.com\/es\/segmento-energia\/soluciones-iot-energia\/\" title=\"Read Soluciones IoT : Energ\u00eda\">continuar lendo &raquo;<\/a><\/p>\n","protected":false},"author":1,"featured_media":0,"parent":2799,"menu_order":4,"comment_status":"closed","ping_status":"closed","template":"page-segment-solution.php","meta":{"_acf_changed":false,"footnotes":""},"class_list":["post-5038","page","type-page","status-publish","hentry"],"acf":[],"_links":{"self":[{"href":"https:\/\/wedigitek.bichosolto.com\/es\/wp-json\/wp\/v2\/pages\/5038","targetHints":{"allow":["GET"]}}],"collection":[{"href":"https:\/\/wedigitek.bichosolto.com\/es\/wp-json\/wp\/v2\/pages"}],"about":[{"href":"https:\/\/wedigitek.bichosolto.com\/es\/wp-json\/wp\/v2\/types\/page"}],"author":[{"embeddable":true,"href":"https:\/\/wedigitek.bichosolto.com\/es\/wp-json\/wp\/v2\/users\/1"}],"replies":[{"embeddable":true,"href":"https:\/\/wedigitek.bichosolto.com\/es\/wp-json\/wp\/v2\/comments?post=5038"}],"version-history":[{"count":3,"href":"https:\/\/wedigitek.bichosolto.com\/es\/wp-json\/wp\/v2\/pages\/5038\/revisions"}],"predecessor-version":[{"id":5041,"href":"https:\/\/wedigitek.bichosolto.com\/es\/wp-json\/wp\/v2\/pages\/5038\/revisions\/5041"}],"up":[{"embeddable":true,"href":"https:\/\/wedigitek.bichosolto.com\/es\/wp-json\/wp\/v2\/pages\/2799"}],"wp:attachment":[{"href":"https:\/\/wedigitek.bichosolto.com\/es\/wp-json\/wp\/v2\/media?parent=5038"}],"curies":[{"name":"wp","href":"https:\/\/api.w.org\/{rel}","templated":true}]}}