{"id":5029,"date":"2024-06-03T08:15:39","date_gmt":"2024-06-03T07:15:39","guid":{"rendered":"https:\/\/wedigitek.bichosolto.com\/novosite\/?page_id=5029"},"modified":"2024-07-08T07:17:58","modified_gmt":"2024-07-08T10:17:58","slug":"totem-de-autoservicio-energia","status":"publish","type":"page","link":"https:\/\/wedigitek.bichosolto.com\/es\/segmento-energia\/totem-de-autoservicio-energia\/","title":{"rendered":"T\u00f3tem de Autoservicio : Energ\u00eda"},"content":{"rendered":"\r\n<h1 class=\"wp-block-heading\">T\u00f3tem de <strong>Autoservicio<\/strong><\/h1>\r\n\r\n\r\n\r\n<h2 class=\"wp-block-heading\">para Lugares Remotos y Energ\u00eda<\/h2>\r\n\r\n\r\n\r\n<p>Desarrollamos el software utilizado por los t\u00f3tems de autoservicio, con el objetivo de facilitar el uso de diferentes funcionalidades, seg\u00fan la relaci\u00f3n a continuaci\u00f3n. Podemos instalarlos en t\u00f3tems de terceros (ya utilizados en el restaurante), o ponerlos a disposici\u00f3n mediante la <a href=\"https:\/\/wedigitek.bichosolto.com\/energia\/locacao-de-equipamentos\/\">alquiler\/venta<\/a> de equipos propios.<\/p>\r\n\r\n\r\n\r\n<h4 class=\"wp-block-heading\">Diferentes Funciones<\/h4>\r\n\r\n\r\n\r\n<p>Los t\u00f3tems de autoservicio tienen diferentes aplicaciones para uso en la unidad:<\/p>\r\n","protected":false},"excerpt":{"rendered":"<p>T\u00f3tem de Autoservicio para Lugares Remotos y Energ\u00eda Desarrollamos el software utilizado por los t\u00f3tems de autoservicio, con el objetivo de facilitar el uso de diferentes funcionalidades, seg\u00fan la relaci\u00f3n a continuaci\u00f3n. Podemos instalarlos en t\u00f3tems de terceros (ya utilizados en el restaurante), o ponerlos a disposici\u00f3n mediante la alquiler\/venta de equipos propios. Diferentes Funciones&#8230;  <a class=\"excerpt-read-more\" href=\"https:\/\/wedigitek.bichosolto.com\/es\/segmento-energia\/totem-de-autoservicio-energia\/\" title=\"Read T\u00f3tem de Autoservicio : Energ\u00eda\">continuar lendo &raquo;<\/a><\/p>\n","protected":false},"author":1,"featured_media":0,"parent":2799,"menu_order":2,"comment_status":"closed","ping_status":"closed","template":"page-segment-solution.php","meta":{"_acf_changed":false,"footnotes":""},"class_list":["post-5029","page","type-page","status-publish","hentry"],"acf":[],"_links":{"self":[{"href":"https:\/\/wedigitek.bichosolto.com\/es\/wp-json\/wp\/v2\/pages\/5029","targetHints":{"allow":["GET"]}}],"collection":[{"href":"https:\/\/wedigitek.bichosolto.com\/es\/wp-json\/wp\/v2\/pages"}],"about":[{"href":"https:\/\/wedigitek.bichosolto.com\/es\/wp-json\/wp\/v2\/types\/page"}],"author":[{"embeddable":true,"href":"https:\/\/wedigitek.bichosolto.com\/es\/wp-json\/wp\/v2\/users\/1"}],"replies":[{"embeddable":true,"href":"https:\/\/wedigitek.bichosolto.com\/es\/wp-json\/wp\/v2\/comments?post=5029"}],"version-history":[{"count":3,"href":"https:\/\/wedigitek.bichosolto.com\/es\/wp-json\/wp\/v2\/pages\/5029\/revisions"}],"predecessor-version":[{"id":5036,"href":"https:\/\/wedigitek.bichosolto.com\/es\/wp-json\/wp\/v2\/pages\/5029\/revisions\/5036"}],"up":[{"embeddable":true,"href":"https:\/\/wedigitek.bichosolto.com\/es\/wp-json\/wp\/v2\/pages\/2799"}],"wp:attachment":[{"href":"https:\/\/wedigitek.bichosolto.com\/es\/wp-json\/wp\/v2\/media?parent=5029"}],"curies":[{"name":"wp","href":"https:\/\/api.w.org\/{rel}","templated":true}]}}