{"id":5020,"date":"2024-04-08T13:12:33","date_gmt":"2024-04-08T12:12:33","guid":{"rendered":"https:\/\/wedigitek.bichosolto.com\/novosite\/?page_id=5020"},"modified":"2024-07-26T01:34:15","modified_gmt":"2024-07-26T00:34:15","slug":"home","status":"publish","type":"page","link":"https:\/\/wedigitek.bichosolto.com\/es\/","title":{"rendered":"Home"},"content":{"rendered":"<h2>L\u00edder en tecnolog\u00eda para<\/h2>\n<h2>el mercado de comidas colectivas<\/h2>\n<h4>Para una mejor experiencia, elija su segmento<\/h4>\n","protected":false},"excerpt":{"rendered":"<p>We:Digitek es referencia y l\u00edder en tecnolog\u00eda para el mercado de comidas colectivas.<br \/>\nOfrecemos un amplio n\u00famero de soluciones para los segmentos Corporativo, Educaci\u00f3n, Salud y Energ\u00eda.<br \/>\nPara m\u00e1s informaci\u00f3n, no dude en contactarnos y solicitar un <a href=\"\/es\/#contact\">presupuesto<\/a> personalizado.<\/p>\n","protected":false},"author":1,"featured_media":0,"parent":0,"menu_order":0,"comment_status":"closed","ping_status":"closed","template":"page-home.php","meta":{"_acf_changed":false,"footnotes":""},"class_list":["post-5020","page","type-page","status-publish","hentry"],"acf":[],"_links":{"self":[{"href":"https:\/\/wedigitek.bichosolto.com\/es\/wp-json\/wp\/v2\/pages\/5020","targetHints":{"allow":["GET"]}}],"collection":[{"href":"https:\/\/wedigitek.bichosolto.com\/es\/wp-json\/wp\/v2\/pages"}],"about":[{"href":"https:\/\/wedigitek.bichosolto.com\/es\/wp-json\/wp\/v2\/types\/page"}],"author":[{"embeddable":true,"href":"https:\/\/wedigitek.bichosolto.com\/es\/wp-json\/wp\/v2\/users\/1"}],"replies":[{"embeddable":true,"href":"https:\/\/wedigitek.bichosolto.com\/es\/wp-json\/wp\/v2\/comments?post=5020"}],"version-history":[{"count":10,"href":"https:\/\/wedigitek.bichosolto.com\/es\/wp-json\/wp\/v2\/pages\/5020\/revisions"}],"predecessor-version":[{"id":5383,"href":"https:\/\/wedigitek.bichosolto.com\/es\/wp-json\/wp\/v2\/pages\/5020\/revisions\/5383"}],"wp:attachment":[{"href":"https:\/\/wedigitek.bichosolto.com\/es\/wp-json\/wp\/v2\/media?parent=5020"}],"curies":[{"name":"wp","href":"https:\/\/api.w.org\/{rel}","templated":true}]}}