{"id":5017,"date":"2024-06-03T08:15:17","date_gmt":"2024-06-03T07:15:17","guid":{"rendered":"https:\/\/wedigitek.bichosolto.com\/novosite\/?page_id=5017"},"modified":"2024-07-05T18:20:42","modified_gmt":"2024-07-05T21:20:42","slug":"aplicacion-energia","status":"publish","type":"page","link":"https:\/\/wedigitek.bichosolto.com\/es\/segmento-energia\/aplicacion-energia\/","title":{"rendered":"Aplicaci\u00f3n : Energ\u00eda"},"content":{"rendered":"\r\n<h1 class=\"wp-block-heading\">Aplicaci\u00f3n <strong>(APP)<\/strong><\/h1>\r\n\r\n\r\n\r\n<h2 class=\"wp-block-heading\">para Lugares Remotos y Energ\u00eda<\/h2>\r\n\r\n\r\n\r\n<p>La aplicaci\u00f3n desarrollada por We:Digitek tiene como objetivo facilitar la interacci\u00f3n del cliente con el restaurante, brindando una experiencia fluida y accesible para que todas sus funcionalidades sean utilizadas con facilidad.<\/p>\r\n\r\n\r\n\r\n<h4 class=\"wp-block-heading\">Consulte a continuaci\u00f3n m\u00e1s detalles al respecto:<\/h4>\r\n","protected":false},"excerpt":{"rendered":"<p>Aplicaci\u00f3n (APP) para Lugares Remotos y Energ\u00eda La aplicaci\u00f3n desarrollada por We:Digitek tiene como objetivo facilitar la interacci\u00f3n del cliente con el restaurante, brindando una experiencia fluida y accesible para que todas sus funcionalidades sean utilizadas con facilidad. Consulte a continuaci\u00f3n m\u00e1s detalles al respecto:<\/p>\n","protected":false},"author":1,"featured_media":0,"parent":2799,"menu_order":0,"comment_status":"closed","ping_status":"closed","template":"page-segment-solution.php","meta":{"_acf_changed":false,"footnotes":""},"class_list":["post-5017","page","type-page","status-publish","hentry"],"acf":[],"_links":{"self":[{"href":"https:\/\/wedigitek.bichosolto.com\/es\/wp-json\/wp\/v2\/pages\/5017","targetHints":{"allow":["GET"]}}],"collection":[{"href":"https:\/\/wedigitek.bichosolto.com\/es\/wp-json\/wp\/v2\/pages"}],"about":[{"href":"https:\/\/wedigitek.bichosolto.com\/es\/wp-json\/wp\/v2\/types\/page"}],"author":[{"embeddable":true,"href":"https:\/\/wedigitek.bichosolto.com\/es\/wp-json\/wp\/v2\/users\/1"}],"replies":[{"embeddable":true,"href":"https:\/\/wedigitek.bichosolto.com\/es\/wp-json\/wp\/v2\/comments?post=5017"}],"version-history":[{"count":2,"href":"https:\/\/wedigitek.bichosolto.com\/es\/wp-json\/wp\/v2\/pages\/5017\/revisions"}],"predecessor-version":[{"id":5019,"href":"https:\/\/wedigitek.bichosolto.com\/es\/wp-json\/wp\/v2\/pages\/5017\/revisions\/5019"}],"up":[{"embeddable":true,"href":"https:\/\/wedigitek.bichosolto.com\/es\/wp-json\/wp\/v2\/pages\/2799"}],"wp:attachment":[{"href":"https:\/\/wedigitek.bichosolto.com\/es\/wp-json\/wp\/v2\/media?parent=5017"}],"curies":[{"name":"wp","href":"https:\/\/api.w.org\/{rel}","templated":true}]}}